{"id":5379,"date":"2023-04-10T22:07:53","date_gmt":"2023-04-10T22:07:53","guid":{"rendered":"https:\/\/granplazacentroscomerciales.com\/san-antonio\/?page_id=5379"},"modified":"2025-07-17T20:13:44","modified_gmt":"2025-07-17T20:13:44","slug":"aplicativos-gran-plaza","status":"publish","type":"page","link":"https:\/\/granplazacentroscomerciales.com\/san-antonio\/aplicativos-gran-plaza\/","title":{"rendered":"Aplicativos Gran Plaza"},"content":{"rendered":"\t\t<div data-elementor-type=\"wp-page\" data-elementor-id=\"5379\" class=\"elementor elementor-5379\">\n\t\t\t\t\t\t<section class=\"has_eae_slider elementor-section elementor-top-section elementor-element elementor-element-3ef5ea3 elementor-section-full_width elementor-section-stretched elementor-hidden-desktop elementor-hidden-tablet elementor-section-height-default elementor-section-height-default\" data-id=\"3ef5ea3\" data-element_type=\"section\" data-settings=\"{&quot;stretch_section&quot;:&quot;section-stretched&quot;}\">\n\t\t\t\t\t\t<div class=\"elementor-container elementor-column-gap-no\">\n\t\t\t\t\t<div class=\"has_eae_slider elementor-column elementor-col-100 elementor-top-column elementor-element elementor-element-1d09fa6\" data-id=\"1d09fa6\" data-element_type=\"column\">\n\t\t\t<div class=\"elementor-widget-wrap elementor-element-populated\">\n\t\t\t\t\t\t<div class=\"elementor-element elementor-element-c07655c elementor-widget__width-inherit elementor--h-position-center elementor--v-position-middle elementor-arrows-position-inside elementor-widget elementor-widget-slides\" data-id=\"c07655c\" data-element_type=\"widget\" data-settings=\"{&quot;navigation&quot;:&quot;arrows&quot;,&quot;autoplay&quot;:&quot;yes&quot;,&quot;pause_on_hover&quot;:&quot;yes&quot;,&quot;pause_on_interaction&quot;:&quot;yes&quot;,&quot;autoplay_speed&quot;:5000,&quot;infinite&quot;:&quot;yes&quot;,&quot;transition&quot;:&quot;slide&quot;,&quot;transition_speed&quot;:500}\" data-widget_type=\"slides.default\">\n\t\t\t\t<div class=\"elementor-widget-container\">\n\t\t\t\t\t<div class=\"elementor-swiper\">\n\t\t\t<div class=\"elementor-slides-wrapper elementor-main-swiper swiper-container\" dir=\"ltr\" data-animation=\"zoomIn\">\n\t\t\t\t<div class=\"swiper-wrapper elementor-slides\">\n\t\t\t\t\t\t\t\t\t\t<div class=\"elementor-repeater-item-7e97961 swiper-slide\"><div class=\"swiper-slide-bg\"><\/div><div class=\"swiper-slide-inner\" ><div class=\"swiper-slide-contents\"><\/div><\/div><\/div>\t\t\t\t<\/div>\n\t\t\t\t\t\t\t<\/div>\n\t\t<\/div>\n\t\t\t\t<\/div>\n\t\t\t\t<\/div>\n\t\t\t\t\t<\/div>\n\t\t<\/div>\n\t\t\t\t\t<\/div>\n\t\t<\/section>\n\t\t\t\t<section class=\"has_eae_slider elementor-section elementor-top-section elementor-element elementor-element-4ebe769 elementor-section-full_width elementor-section-stretched elementor-hidden-mobile elementor-section-height-default elementor-section-height-default\" data-id=\"4ebe769\" data-element_type=\"section\" data-settings=\"{&quot;stretch_section&quot;:&quot;section-stretched&quot;}\">\n\t\t\t\t\t\t<div class=\"elementor-container elementor-column-gap-no\">\n\t\t\t\t\t<div class=\"has_eae_slider elementor-column elementor-col-100 elementor-top-column elementor-element elementor-element-ef41e7e\" data-id=\"ef41e7e\" data-element_type=\"column\">\n\t\t\t<div class=\"elementor-widget-wrap elementor-element-populated\">\n\t\t\t\t\t\t<div class=\"elementor-element elementor-element-e56dc68 elementor-widget__width-inherit elementor--h-position-center elementor--v-position-middle elementor-widget elementor-widget-slides\" data-id=\"e56dc68\" data-element_type=\"widget\" data-settings=\"{&quot;navigation&quot;:&quot;none&quot;,&quot;autoplay&quot;:&quot;yes&quot;,&quot;pause_on_interaction&quot;:&quot;yes&quot;,&quot;autoplay_speed&quot;:5000,&quot;infinite&quot;:&quot;yes&quot;,&quot;transition&quot;:&quot;slide&quot;,&quot;transition_speed&quot;:500}\" data-widget_type=\"slides.default\">\n\t\t\t\t<div class=\"elementor-widget-container\">\n\t\t\t\t\t<div class=\"elementor-swiper\">\n\t\t\t<div class=\"elementor-slides-wrapper elementor-main-swiper swiper-container\" dir=\"ltr\" data-animation=\"fadeInUp\">\n\t\t\t\t<div class=\"swiper-wrapper elementor-slides\">\n\t\t\t\t\t\t\t\t\t\t<div class=\"elementor-repeater-item-7e97961 swiper-slide\"><div class=\"swiper-slide-bg\"><\/div><div class=\"swiper-slide-inner\" ><div class=\"swiper-slide-contents\"><\/div><\/div><\/div>\t\t\t\t<\/div>\n\t\t\t\t\t\t\t<\/div>\n\t\t<\/div>\n\t\t\t\t<\/div>\n\t\t\t\t<\/div>\n\t\t\t\t\t<\/div>\n\t\t<\/div>\n\t\t\t\t\t<\/div>\n\t\t<\/section>\n\t\t\t\t<section class=\"has_eae_slider elementor-section elementor-top-section elementor-element elementor-element-64b78c1 elementor-section-boxed elementor-section-height-default elementor-section-height-default\" data-id=\"64b78c1\" data-element_type=\"section\">\n\t\t\t\t\t\t<div class=\"elementor-container elementor-column-gap-default\">\n\t\t\t\t\t<div class=\"has_eae_slider elementor-column elementor-col-100 elementor-top-column elementor-element elementor-element-534645b\" data-id=\"534645b\" data-element_type=\"column\">\n\t\t\t<div class=\"elementor-widget-wrap elementor-element-populated\">\n\t\t\t\t\t\t<div class=\"elementor-element elementor-element-9cd4b7d elementor-widget-divider--view-line elementor-widget elementor-widget-divider\" data-id=\"9cd4b7d\" data-element_type=\"widget\" data-widget_type=\"divider.default\">\n\t\t\t\t<div class=\"elementor-widget-container\">\n\t\t\t\t\t<div class=\"elementor-divider\">\n\t\t\t<span class=\"elementor-divider-separator\">\n\t\t\t\t\t\t<\/span>\n\t\t<\/div>\n\t\t\t\t<\/div>\n\t\t\t\t<\/div>\n\t\t\t\t<div class=\"elementor-element elementor-element-a20584d elementor-widget elementor-widget-text-editor\" data-id=\"a20584d\" data-element_type=\"widget\" data-widget_type=\"text-editor.default\">\n\t\t\t\t<div class=\"elementor-widget-container\">\n\t\t\t\t\t\t\t<p>Esta secci\u00f3n es para todos nuestros aliados. Aqu\u00ed encontrar\u00e1s los aplicativos que necesitas para asegurar tu productiidad, desde la aprobaci\u00f3n de tus actividades ante SST hasta la revisi\u00f3n y comparaci\u00f3n de tus ventas con el mercado.&nbsp;<\/p>\t\t\t\t\t\t<\/div>\n\t\t\t\t<\/div>\n\t\t\t\t<div class=\"elementor-element elementor-element-9568ed5 elementor-widget-divider--view-line elementor-widget elementor-widget-divider\" data-id=\"9568ed5\" data-element_type=\"widget\" data-widget_type=\"divider.default\">\n\t\t\t\t<div class=\"elementor-widget-container\">\n\t\t\t\t\t<div class=\"elementor-divider\">\n\t\t\t<span class=\"elementor-divider-separator\">\n\t\t\t\t\t\t<\/span>\n\t\t<\/div>\n\t\t\t\t<\/div>\n\t\t\t\t<\/div>\n\t\t\t\t\t<\/div>\n\t\t<\/div>\n\t\t\t\t\t<\/div>\n\t\t<\/section>\n\t\t\t\t<section class=\"has_eae_slider elementor-section elementor-top-section elementor-element elementor-element-2fde573 elementor-section-boxed elementor-section-height-default elementor-section-height-default\" data-id=\"2fde573\" data-element_type=\"section\">\n\t\t\t\t\t\t<div class=\"elementor-container elementor-column-gap-default\">\n\t\t\t\t\t<div class=\"has_eae_slider elementor-column elementor-col-100 elementor-top-column elementor-element elementor-element-54c728d\" data-id=\"54c728d\" data-element_type=\"column\">\n\t\t\t<div class=\"elementor-widget-wrap elementor-element-populated\">\n\t\t\t\t\t\t<section class=\"has_eae_slider elementor-section elementor-inner-section elementor-element elementor-element-b65b359 elementor-section-boxed elementor-section-height-default elementor-section-height-default\" data-id=\"b65b359\" data-element_type=\"section\">\n\t\t\t\t\t\t<div class=\"elementor-container elementor-column-gap-default\">\n\t\t\t\t\t<div class=\"has_eae_slider elementor-column elementor-col-20 elementor-inner-column elementor-element elementor-element-76e6edc\" data-id=\"76e6edc\" data-element_type=\"column\">\n\t\t\t<div class=\"elementor-widget-wrap\">\n\t\t\t\t\t\t\t<\/div>\n\t\t<\/div>\n\t\t\t\t<div class=\"has_eae_slider elementor-column elementor-col-20 elementor-inner-column elementor-element elementor-element-56bf92c\" data-id=\"56bf92c\" data-element_type=\"column\">\n\t\t\t<div class=\"elementor-widget-wrap elementor-element-populated\">\n\t\t\t\t\t\t<div class=\"elementor-element elementor-element-124cc63 elementor-widget elementor-widget-image\" data-id=\"124cc63\" data-element_type=\"widget\" data-widget_type=\"image.default\">\n\t\t\t\t<div class=\"elementor-widget-container\">\n\t\t\t\t\t\t\t\t\t\t\t\t\t\t<a href=\"https:\/\/registroventas.pactia.com\/site\/#\/login\">\n\t\t\t\t\t\t\t<img decoding=\"async\" width=\"150\" height=\"170\" src=\"https:\/\/granplazacentroscomerciales.com\/san-antonio\/wp-content\/uploads\/sites\/11\/2025\/07\/Boton_converzion.png\" class=\"attachment-medium size-medium wp-image-7291\" alt=\"\" \/>\t\t\t\t\t\t\t\t<\/a>\n\t\t\t\t\t\t\t\t\t\t\t\t\t<\/div>\n\t\t\t\t<\/div>\n\t\t\t\t<div class=\"elementor-element elementor-element-c28dc30 elementor-widget elementor-widget-text-editor\" data-id=\"c28dc30\" data-element_type=\"widget\" data-widget_type=\"text-editor.default\">\n\t\t\t\t<div class=\"elementor-widget-container\">\n\t\t\t\t\t\t\t<p>Haz clic y empieza a registrar tus ventas diarias y certificadas. Ent\u00e9rate del comportamiento de tus ventas en comparaci\u00f3n a periodos anteriores y con el sector.\u00a0<\/p>\t\t\t\t\t\t<\/div>\n\t\t\t\t<\/div>\n\t\t\t\t\t<\/div>\n\t\t<\/div>\n\t\t\t\t<div class=\"has_eae_slider elementor-column elementor-col-20 elementor-inner-column elementor-element elementor-element-bd05d0c\" data-id=\"bd05d0c\" data-element_type=\"column\">\n\t\t\t<div class=\"elementor-widget-wrap elementor-element-populated\">\n\t\t\t\t\t\t<div class=\"elementor-element elementor-element-c052a34 elementor-widget elementor-widget-image\" data-id=\"c052a34\" data-element_type=\"widget\" data-widget_type=\"image.default\">\n\t\t\t\t<div class=\"elementor-widget-container\">\n\t\t\t\t\t\t\t\t\t\t\t\t\t\t<a href=\"https:\/\/clientes.pactia.co\/log-in\">\n\t\t\t\t\t\t\t<img decoding=\"async\" width=\"150\" height=\"170\" src=\"https:\/\/granplazacentroscomerciales.com\/san-antonio\/wp-content\/uploads\/sites\/11\/2025\/07\/Boton_missolicitudas.png\" class=\"attachment-medium size-medium wp-image-7292\" alt=\"\" \/>\t\t\t\t\t\t\t\t<\/a>\n\t\t\t\t\t\t\t\t\t\t\t\t\t<\/div>\n\t\t\t\t<\/div>\n\t\t\t\t<div class=\"elementor-element elementor-element-84210de elementor-widget elementor-widget-text-editor\" data-id=\"84210de\" data-element_type=\"widget\" data-widget_type=\"text-editor.default\">\n\t\t\t\t<div class=\"elementor-widget-container\">\n\t\t\t\t\t\t\t<p>Ahora todas tus solicitudes est\u00e1n en un s\u00f3lo lugar. Encuentra documentos, ingresos a terceros, dudas de facturaci\u00f3n y apoyos de mercadeo en Mis Solicitudes.<\/p>\t\t\t\t\t\t<\/div>\n\t\t\t\t<\/div>\n\t\t\t\t\t<\/div>\n\t\t<\/div>\n\t\t\t\t<div class=\"has_eae_slider elementor-column elementor-col-20 elementor-inner-column elementor-element elementor-element-f7900f2\" data-id=\"f7900f2\" data-element_type=\"column\">\n\t\t\t<div class=\"elementor-widget-wrap elementor-element-populated\">\n\t\t\t\t\t\t<div class=\"elementor-element elementor-element-d916521 elementor-widget elementor-widget-image\" data-id=\"d916521\" data-element_type=\"widget\" data-widget_type=\"image.default\">\n\t\t\t\t<div class=\"elementor-widget-container\">\n\t\t\t\t\t\t\t\t\t\t\t\t\t\t<a href=\"https:\/\/sites.placetopay.com\/pactia_gran_plaza\/login\">\n\t\t\t\t\t\t\t<img decoding=\"async\" width=\"150\" height=\"170\" src=\"https:\/\/granplazacentroscomerciales.com\/san-antonio\/wp-content\/uploads\/sites\/11\/2025\/07\/Boton_pagos.png\" class=\"attachment-medium size-medium wp-image-7293\" alt=\"\" \/>\t\t\t\t\t\t\t\t<\/a>\n\t\t\t\t\t\t\t\t\t\t\t\t\t<\/div>\n\t\t\t\t<\/div>\n\t\t\t\t<div class=\"elementor-element elementor-element-f12af3b elementor-widget elementor-widget-text-editor\" data-id=\"f12af3b\" data-element_type=\"widget\" data-widget_type=\"text-editor.default\">\n\t\t\t\t<div class=\"elementor-widget-container\">\n\t\t\t\t\t\t\t<p>Desde casa, oficina o cualquier lugar, pague de forma segura a trav\u00e9s de nuestro sistema de pago. Servicio las 24 horas y los 7 d\u00edas de la semana.<\/p>\t\t\t\t\t\t<\/div>\n\t\t\t\t<\/div>\n\t\t\t\t\t<\/div>\n\t\t<\/div>\n\t\t\t\t<div class=\"has_eae_slider elementor-column elementor-col-20 elementor-inner-column elementor-element elementor-element-72217a2\" data-id=\"72217a2\" data-element_type=\"column\">\n\t\t\t<div class=\"elementor-widget-wrap\">\n\t\t\t\t\t\t\t<\/div>\n\t\t<\/div>\n\t\t\t\t\t<\/div>\n\t\t<\/section>\n\t\t\t\t<section class=\"has_eae_slider elementor-section elementor-inner-section elementor-element elementor-element-111eee0 elementor-section-boxed elementor-section-height-default elementor-section-height-default\" data-id=\"111eee0\" data-element_type=\"section\">\n\t\t\t\t\t\t<div class=\"elementor-container elementor-column-gap-default\">\n\t\t\t\t\t<div class=\"has_eae_slider elementor-column elementor-col-50 elementor-inner-column elementor-element elementor-element-25396f0\" data-id=\"25396f0\" data-element_type=\"column\">\n\t\t\t<div class=\"elementor-widget-wrap\">\n\t\t\t\t\t\t\t<\/div>\n\t\t<\/div>\n\t\t\t\t<div class=\"has_eae_slider elementor-column elementor-col-50 elementor-inner-column elementor-element elementor-element-f630ee6\" data-id=\"f630ee6\" data-element_type=\"column\">\n\t\t\t<div class=\"elementor-widget-wrap\">\n\t\t\t\t\t\t\t<\/div>\n\t\t<\/div>\n\t\t\t\t\t<\/div>\n\t\t<\/section>\n\t\t\t\t\t<\/div>\n\t\t<\/div>\n\t\t\t\t\t<\/div>\n\t\t<\/section>\n\t\t\t\t<\/div>\n\t\t","protected":false},"excerpt":{"rendered":"<p>Esta secci\u00f3n es para todos nuestros aliados. Aqu\u00ed encontrar\u00e1s los aplicativos que necesitas para asegurar tu productiidad, desde la aprobaci\u00f3n de tus actividades ante SST hasta la revisi\u00f3n y comparaci\u00f3n de tus ventas con el mercado.&nbsp; Haz clic y empieza a registrar tus ventas diarias y certificadas. Ent\u00e9rate del comportamiento de tus ventas en comparaci\u00f3n [&hellip;]<\/p>\n","protected":false},"author":3,"featured_media":0,"parent":0,"menu_order":0,"comment_status":"closed","ping_status":"open","template":"elementor_header_footer","meta":{"footnotes":""},"class_list":["post-5379","page","type-page","status-publish","hentry"],"_links":{"self":[{"href":"https:\/\/granplazacentroscomerciales.com\/san-antonio\/wp-json\/wp\/v2\/pages\/5379"}],"collection":[{"href":"https:\/\/granplazacentroscomerciales.com\/san-antonio\/wp-json\/wp\/v2\/pages"}],"about":[{"href":"https:\/\/granplazacentroscomerciales.com\/san-antonio\/wp-json\/wp\/v2\/types\/page"}],"author":[{"embeddable":true,"href":"https:\/\/granplazacentroscomerciales.com\/san-antonio\/wp-json\/wp\/v2\/users\/3"}],"replies":[{"embeddable":true,"href":"https:\/\/granplazacentroscomerciales.com\/san-antonio\/wp-json\/wp\/v2\/comments?post=5379"}],"version-history":[{"count":37,"href":"https:\/\/granplazacentroscomerciales.com\/san-antonio\/wp-json\/wp\/v2\/pages\/5379\/revisions"}],"predecessor-version":[{"id":7296,"href":"https:\/\/granplazacentroscomerciales.com\/san-antonio\/wp-json\/wp\/v2\/pages\/5379\/revisions\/7296"}],"wp:attachment":[{"href":"https:\/\/granplazacentroscomerciales.com\/san-antonio\/wp-json\/wp\/v2\/media?parent=5379"}],"curies":[{"name":"wp","href":"https:\/\/api.w.org\/{rel}","templated":true}]}}